{"id":14,"date":"2023-04-10T09:04:06","date_gmt":"2023-04-10T09:04:06","guid":{"rendered":"https:\/\/santos7.rkinformatika.net\/euskoasesores\/?page_id=14"},"modified":"2023-08-30T19:21:19","modified_gmt":"2023-08-30T19:21:19","slug":"administracion-de-fincas","status":"publish","type":"page","link":"https:\/\/euskoasesores.net\/eu\/administracion-de-fincas\/","title":{"rendered":"Finken administrazioa"},"content":{"rendered":"<div data-elementor-type=\"wp-page\" data-elementor-id=\"14\" class=\"elementor elementor-14\" data-elementor-post-type=\"page\">\n\t\t\t\t\t\t<section class=\"elementor-section elementor-top-section elementor-element elementor-element-738ee49b elementor-section-stretched elementor-section-boxed elementor-section-height-default elementor-section-height-default\" data-id=\"738ee49b\" data-element_type=\"section\" data-e-type=\"section\" data-settings=\"{&quot;stretch_section&quot;:&quot;section-stretched&quot;,&quot;background_background&quot;:&quot;classic&quot;}\">\n\t\t\t\t\t\t\t<div class=\"elementor-background-overlay\"><\/div>\n\t\t\t\t\t\t\t<div class=\"elementor-container elementor-column-gap-custom\">\n\t\t\t\t\t<div class=\"elementor-column elementor-col-100 elementor-top-column elementor-element elementor-element-98a5474\" data-id=\"98a5474\" data-element_type=\"column\" data-e-type=\"column\">\n\t\t\t<div class=\"elementor-widget-wrap\">\n\t\t\t\t\t\t\t<\/div>\n\t\t<\/div>\n\t\t\t\t\t<\/div>\n\t\t<\/section>\n\t\t\t\t<section class=\"elementor-section elementor-top-section elementor-element elementor-element-73856a89 elementor-section-full_width elementor-section-stretched elementor-section-height-default elementor-section-height-default\" data-id=\"73856a89\" data-element_type=\"section\" data-e-type=\"section\" data-settings=\"{&quot;stretch_section&quot;:&quot;section-stretched&quot;}\">\n\t\t\t\t\t\t<div class=\"elementor-container elementor-column-gap-no\">\n\t\t\t\t\t<div class=\"elementor-column elementor-col-100 elementor-top-column elementor-element elementor-element-5220e213\" data-id=\"5220e213\" data-element_type=\"column\" data-e-type=\"column\">\n\t\t\t<div class=\"elementor-widget-wrap elementor-element-populated\">\n\t\t\t\t\t\t<section class=\"elementor-section elementor-inner-section elementor-element elementor-element-3e71691a elementor-section-boxed elementor-section-height-default elementor-section-height-default\" data-id=\"3e71691a\" data-element_type=\"section\" data-e-type=\"section\">\n\t\t\t\t\t\t<div class=\"elementor-container elementor-column-gap-custom\">\n\t\t\t\t\t<div class=\"elementor-column elementor-col-100 elementor-inner-column elementor-element elementor-element-776d39b3\" data-id=\"776d39b3\" data-element_type=\"column\" data-e-type=\"column\">\n\t\t\t<div class=\"elementor-widget-wrap elementor-element-populated\">\n\t\t\t\t\t\t<div class=\"elementor-element elementor-element-1d12bcc9 elementor-widget elementor-widget-elementskit-heading\" data-id=\"1d12bcc9\" data-element_type=\"widget\" data-e-type=\"widget\" data-widget_type=\"elementskit-heading.default\">\n\t\t\t\t<div class=\"elementor-widget-container\">\n\t\t\t\t\t<div class=\"ekit-wid-con\" ><div class=\"ekit-heading elementskit-section-title-wraper text_center   ekit_heading_tablet-   ekit_heading_mobile-\"><h3 class=\"elementskit-section-subtitle\">\n\t\t\t\t\t\tNOLA LAGUNDU ZAITZAKEGU?\n\t\t\t\t\t<\/h3><div class=\"ekit_heading_separetor_wraper ekit_heading_ekit_border_custom\"><div class=\"ekit_border_custom\"><\/div><\/div><\/div><\/div>\t\t\t\t<\/div>\n\t\t\t\t<\/div>\n\t\t\t\t\t<\/div>\n\t\t<\/div>\n\t\t\t\t\t<\/div>\n\t\t<\/section>\n\t\t\t\t<section class=\"elementor-section elementor-inner-section elementor-element elementor-element-2026e7c5 elementor-section-boxed elementor-section-height-default elementor-section-height-default\" data-id=\"2026e7c5\" data-element_type=\"section\" data-e-type=\"section\">\n\t\t\t\t\t\t<div class=\"elementor-container elementor-column-gap-no\">\n\t\t\t\t\t<div class=\"elementor-column elementor-col-100 elementor-inner-column elementor-element elementor-element-5e2c60b7\" data-id=\"5e2c60b7\" data-element_type=\"column\" data-e-type=\"column\">\n\t\t\t<div class=\"elementor-widget-wrap\">\n\t\t\t\t\t\t\t<\/div>\n\t\t<\/div>\n\t\t\t\t\t<\/div>\n\t\t<\/section>\n\t\t\t\t<section class=\"elementor-section elementor-inner-section elementor-element elementor-element-65cb912 elementor-section-boxed elementor-section-height-default elementor-section-height-default\" data-id=\"65cb912\" data-element_type=\"section\" data-e-type=\"section\">\n\t\t\t\t\t\t<div class=\"elementor-container elementor-column-gap-no\">\n\t\t\t\t\t<div class=\"elementor-column elementor-col-100 elementor-inner-column elementor-element elementor-element-53036e5f\" data-id=\"53036e5f\" data-element_type=\"column\" data-e-type=\"column\">\n\t\t\t<div class=\"elementor-widget-wrap\">\n\t\t\t\t\t\t\t<\/div>\n\t\t<\/div>\n\t\t\t\t\t<\/div>\n\t\t<\/section>\n\t\t\t\t\t<\/div>\n\t\t<\/div>\n\t\t\t\t\t<\/div>\n\t\t<\/section>\n\t\t\t\t<section class=\"elementor-section elementor-top-section elementor-element elementor-element-ed948f0 elementor-section-boxed elementor-section-height-default elementor-section-height-default\" data-id=\"ed948f0\" data-element_type=\"section\" data-e-type=\"section\">\n\t\t\t\t\t\t<div class=\"elementor-container elementor-column-gap-default\">\n\t\t\t\t\t<div class=\"elementor-column elementor-col-100 elementor-top-column elementor-element elementor-element-67967a9\" data-id=\"67967a9\" data-element_type=\"column\" data-e-type=\"column\">\n\t\t\t<div class=\"elementor-widget-wrap elementor-element-populated\">\n\t\t\t\t\t\t<div class=\"elementor-element elementor-element-14458ff elementor-widget elementor-widget-text-editor\" data-id=\"14458ff\" data-element_type=\"widget\" data-e-type=\"widget\" data-widget_type=\"text-editor.default\">\n\t\t\t\t<div class=\"elementor-widget-container\">\n\t\t\t\t\t\t\t\t\t<p style=\"font-weight: 400;\">Gure finka administratzaile kolegiatuek, esperientzia zabala dute hainbat jabe erkidego kudeatuz, etxebizitza zein garajeak, hala nola, mankomunitateak.\u00a0<strong><span style=\"font-size: 1rem;\">Zerbitzu osoa eskaintzen dugu, hurrengokoa barneratzen duena:<\/span><\/strong><\/p><ul><li>Batzorde arrunten deialdiak nahiz ohiz kanpokoena, lehendakariaren eskaeraz, bertaratzea eta aholkularitza.<\/li><li>Idazkari funtzioak batzordeetan, batzordeen akten osaketa.<\/li><li>Batzordetan erabakitako akordioen betetzea.<\/li><li>Kuota arrunten eta ez ohikoen kobrantza. Jabeen ordaindu gabeko kuoten jarraipena.<\/li><li>Kontuen egoeraren informazioa eta urteko laburpena, hala erkidego osoarekiko zein jabe bakoitzarekiko.<\/li><li>Erkidegoko urteko kontuen txostena.<\/li><li>Gremioen koordinazioa: matxuren kudeaketa eta jarraipena, gremioen kontaktu jarraia: margolari, igeltsero, iturgina, argiketaria\u2026<\/li><li>Erkidegoko aseguruaren kudeaketa: ezbeharren kudeaketa eta hauen jarraipena bukaera arte.<\/li><li>Erkidegoko funtzionamendu zuzenaren ardurapena. Lehendakariarekin, kontaktu zuzena eta jarraia.<\/li><li>Ohiko eta ez ohiko gastuen ordainketa.<\/li><li>Egin nahi izandako edozein obrarentzako beharrezko aurrekontuen eskaera eta erkideagoari aurkeztea, bere erabakiarentzako.<\/li><li>Erakunde publikoaren aurreko kudeaketa (diru-laguntzak, desgrabazio fiskalak, etab.)<\/li><li>Erkidegoaren dokumentazioaren zaintza.<\/li><\/ul>\t\t\t\t\t\t\t\t<\/div>\n\t\t\t\t<\/div>\n\t\t\t\t\t<\/div>\n\t\t<\/div>\n\t\t\t\t\t<\/div>\n\t\t<\/section>\n\t\t\t\t<section class=\"elementor-section elementor-top-section elementor-element elementor-element-f88eece elementor-section-boxed elementor-section-height-default elementor-section-height-default\" data-id=\"f88eece\" data-element_type=\"section\" data-e-type=\"section\">\n\t\t\t\t\t\t<div class=\"elementor-container elementor-column-gap-default\">\n\t\t\t\t\t<div class=\"elementor-column elementor-col-50 elementor-top-column elementor-element elementor-element-bfc775c\" data-id=\"bfc775c\" data-element_type=\"column\" data-e-type=\"column\">\n\t\t\t<div class=\"elementor-widget-wrap elementor-element-populated\">\n\t\t\t\t\t\t<div class=\"elementor-element elementor-element-166393a elementor-widget elementor-widget-image\" data-id=\"166393a\" data-element_type=\"widget\" data-e-type=\"widget\" data-widget_type=\"image.default\">\n\t\t\t\t<div class=\"elementor-widget-container\">\n\t\t\t\t\t\t\t\t\t\t\t\t\t\t\t<img decoding=\"async\" width=\"425\" height=\"83\" src=\"https:\/\/euskoasesores.net\/wp-content\/uploads\/2023\/04\/1-3.png\" class=\"attachment-large size-large wp-image-846\" alt=\"\" srcset=\"https:\/\/euskoasesores.net\/wp-content\/uploads\/2023\/04\/1-3.png 425w, https:\/\/euskoasesores.net\/wp-content\/uploads\/2023\/04\/1-3-300x59.png 300w\" sizes=\"(max-width: 425px) 100vw, 425px\" \/>\t\t\t\t\t\t\t\t\t\t\t\t\t\t\t<\/div>\n\t\t\t\t<\/div>\n\t\t\t\t\t<\/div>\n\t\t<\/div>\n\t\t\t\t<div class=\"elementor-column elementor-col-50 elementor-top-column elementor-element elementor-element-e98dbb8\" data-id=\"e98dbb8\" data-element_type=\"column\" data-e-type=\"column\">\n\t\t\t<div class=\"elementor-widget-wrap elementor-element-populated\">\n\t\t\t\t\t\t<div class=\"elementor-element elementor-element-43f7e2f elementor-widget elementor-widget-image\" data-id=\"43f7e2f\" data-element_type=\"widget\" data-e-type=\"widget\" data-widget_type=\"image.default\">\n\t\t\t\t<div class=\"elementor-widget-container\">\n\t\t\t\t\t\t\t\t\t\t\t\t\t\t\t<img decoding=\"async\" width=\"425\" height=\"83\" src=\"https:\/\/euskoasesores.net\/wp-content\/uploads\/2023\/04\/2-3.png\" class=\"attachment-large size-large wp-image-847\" alt=\"\" srcset=\"https:\/\/euskoasesores.net\/wp-content\/uploads\/2023\/04\/2-3.png 425w, https:\/\/euskoasesores.net\/wp-content\/uploads\/2023\/04\/2-3-300x59.png 300w\" sizes=\"(max-width: 425px) 100vw, 425px\" \/>\t\t\t\t\t\t\t\t\t\t\t\t\t\t\t<\/div>\n\t\t\t\t<\/div>\n\t\t\t\t\t<\/div>\n\t\t<\/div>\n\t\t\t\t\t<\/div>\n\t\t<\/section>\n\t\t\t\t<section class=\"elementor-section elementor-top-section elementor-element elementor-element-9595efc elementor-section-boxed elementor-section-height-default elementor-section-height-default\" data-id=\"9595efc\" data-element_type=\"section\" data-e-type=\"section\">\n\t\t\t\t\t\t<div class=\"elementor-container elementor-column-gap-default\">\n\t\t\t\t\t<div class=\"elementor-column elementor-col-100 elementor-top-column elementor-element elementor-element-274d162\" data-id=\"274d162\" data-element_type=\"column\" data-e-type=\"column\">\n\t\t\t<div class=\"elementor-widget-wrap elementor-element-populated\">\n\t\t\t\t\t\t<div class=\"elementor-element elementor-element-06e5b54 elementor-widget elementor-widget-image\" data-id=\"06e5b54\" data-element_type=\"widget\" data-e-type=\"widget\" data-widget_type=\"image.default\">\n\t\t\t\t<div class=\"elementor-widget-container\">\n\t\t\t\t\t\t\t\t\t\t\t\t\t\t\t<img fetchpriority=\"high\" decoding=\"async\" width=\"768\" height=\"511\" src=\"https:\/\/euskoasesores.net\/wp-content\/uploads\/2023\/08\/comunidades3-768x511.jpg\" class=\"attachment-medium_large size-medium_large wp-image-1359\" alt=\"\" srcset=\"https:\/\/euskoasesores.net\/wp-content\/uploads\/2023\/08\/comunidades3-768x511.jpg 768w, https:\/\/euskoasesores.net\/wp-content\/uploads\/2023\/08\/comunidades3-300x200.jpg 300w, https:\/\/euskoasesores.net\/wp-content\/uploads\/2023\/08\/comunidades3-1024x681.jpg 1024w, https:\/\/euskoasesores.net\/wp-content\/uploads\/2023\/08\/comunidades3-1536x1022.jpg 1536w, https:\/\/euskoasesores.net\/wp-content\/uploads\/2023\/08\/comunidades3-2048x1363.jpg 2048w, https:\/\/euskoasesores.net\/wp-content\/uploads\/2023\/08\/comunidades3-18x12.jpg 18w\" sizes=\"(max-width: 768px) 100vw, 768px\" \/>\t\t\t\t\t\t\t\t\t\t\t\t\t\t\t<\/div>\n\t\t\t\t<\/div>\n\t\t\t\t\t<\/div>\n\t\t<\/div>\n\t\t\t\t\t<\/div>\n\t\t<\/section>\n\t\t\t\t<\/div>","protected":false},"excerpt":{"rendered":"<p>\u00bfC\u00d3MO PODEMOS AYUDARTE? Nuestros administradores de fincas colegiados tienen amplia experiencia gestionando decenas de comunidades de propietarios tanto de viviendas como de garajes, as\u00ed como mancomunidades.\u00a0Ofrecemos un servicio complet\u00edsimo que incluye: Convocatoria a Juntas ordinarias y extraordinarias a petici\u00f3n del Presidente, asistencia y asesoramiento. Funciones de Secretario en las Juntas, elaboraci\u00f3n de las actas de [&hellip;]<\/p>\n","protected":false},"author":1,"featured_media":0,"parent":0,"menu_order":0,"comment_status":"closed","ping_status":"closed","template":"elementor_canvas","meta":{"footnotes":""},"class_list":["post-14","page","type-page","status-publish","hentry"],"yoast_head":"<!-- This site is optimized with the Yoast SEO plugin v27.5 - https:\/\/yoast.com\/product\/yoast-seo-wordpress\/ -->\n<title>Administraci\u00f3n de fincas - Euskoasesores<\/title>\n<meta name=\"robots\" content=\"index, follow, max-snippet:-1, max-image-preview:large, max-video-preview:-1\" \/>\n<link rel=\"canonical\" href=\"https:\/\/euskoasesores.net\/eu\/administracion-de-fincas\/\" \/>\n<meta property=\"og:locale\" content=\"en_US\" \/>\n<meta property=\"og:type\" content=\"article\" \/>\n<meta property=\"og:title\" content=\"Administraci\u00f3n de fincas - Euskoasesores\" \/>\n<meta property=\"og:description\" content=\"\u00bfC\u00d3MO PODEMOS AYUDARTE? Nuestros administradores de fincas colegiados tienen amplia experiencia gestionando decenas de comunidades de propietarios tanto de viviendas como de garajes, as\u00ed como mancomunidades.\u00a0Ofrecemos un servicio complet\u00edsimo que incluye: Convocatoria a Juntas ordinarias y extraordinarias a petici\u00f3n del Presidente, asistencia y asesoramiento. Funciones de Secretario en las Juntas, elaboraci\u00f3n de las actas de [&hellip;]\" \/>\n<meta property=\"og:url\" content=\"https:\/\/euskoasesores.net\/eu\/administracion-de-fincas\/\" \/>\n<meta property=\"og:site_name\" content=\"Euskoasesores\" \/>\n<meta property=\"article:modified_time\" content=\"2023-08-30T19:21:19+00:00\" \/>\n<meta property=\"og:image\" content=\"https:\/\/euskoasesores.net\/wp-content\/uploads\/2023\/04\/1-3.png\" \/>\n<meta name=\"twitter:card\" content=\"summary_large_image\" \/>\n<meta name=\"twitter:label1\" content=\"Est. reading time\" \/>\n\t<meta name=\"twitter:data1\" content=\"2 minutua\" \/>\n<script type=\"application\/ld+json\" class=\"yoast-schema-graph\">{\"@context\":\"https:\\\/\\\/schema.org\",\"@graph\":[{\"@type\":\"WebPage\",\"@id\":\"https:\\\/\\\/euskoasesores.net\\\/administracion-de-fincas\\\/\",\"url\":\"https:\\\/\\\/euskoasesores.net\\\/administracion-de-fincas\\\/\",\"name\":\"Administraci\u00f3n de fincas - Euskoasesores\",\"isPartOf\":{\"@id\":\"https:\\\/\\\/euskoasesores.net\\\/#website\"},\"primaryImageOfPage\":{\"@id\":\"https:\\\/\\\/euskoasesores.net\\\/administracion-de-fincas\\\/#primaryimage\"},\"image\":{\"@id\":\"https:\\\/\\\/euskoasesores.net\\\/administracion-de-fincas\\\/#primaryimage\"},\"thumbnailUrl\":\"https:\\\/\\\/euskoasesores.net\\\/wp-content\\\/uploads\\\/2023\\\/04\\\/1-3.png\",\"datePublished\":\"2023-04-10T09:04:06+00:00\",\"dateModified\":\"2023-08-30T19:21:19+00:00\",\"breadcrumb\":{\"@id\":\"https:\\\/\\\/euskoasesores.net\\\/administracion-de-fincas\\\/#breadcrumb\"},\"inLanguage\":\"eu\",\"potentialAction\":[{\"@type\":\"ReadAction\",\"target\":[\"https:\\\/\\\/euskoasesores.net\\\/administracion-de-fincas\\\/\"]}]},{\"@type\":\"ImageObject\",\"inLanguage\":\"eu\",\"@id\":\"https:\\\/\\\/euskoasesores.net\\\/administracion-de-fincas\\\/#primaryimage\",\"url\":\"https:\\\/\\\/euskoasesores.net\\\/wp-content\\\/uploads\\\/2023\\\/04\\\/1-3.png\",\"contentUrl\":\"https:\\\/\\\/euskoasesores.net\\\/wp-content\\\/uploads\\\/2023\\\/04\\\/1-3.png\"},{\"@type\":\"BreadcrumbList\",\"@id\":\"https:\\\/\\\/euskoasesores.net\\\/administracion-de-fincas\\\/#breadcrumb\",\"itemListElement\":[{\"@type\":\"ListItem\",\"position\":1,\"name\":\"Portada\",\"item\":\"https:\\\/\\\/euskoasesores.net\\\/\"},{\"@type\":\"ListItem\",\"position\":2,\"name\":\"Administraci\u00f3n de fincas\"}]},{\"@type\":\"WebSite\",\"@id\":\"https:\\\/\\\/euskoasesores.net\\\/#website\",\"url\":\"https:\\\/\\\/euskoasesores.net\\\/\",\"name\":\"Euskoasesores\",\"description\":\"La forma m\u00e1s inteligente de contratar un seguro Gesti\u00f3n eficaz en asesor\u00eda fiscal, contable, laboral y mercantil\",\"publisher\":{\"@id\":\"https:\\\/\\\/euskoasesores.net\\\/#organization\"},\"potentialAction\":[{\"@type\":\"SearchAction\",\"target\":{\"@type\":\"EntryPoint\",\"urlTemplate\":\"https:\\\/\\\/euskoasesores.net\\\/?s={search_term_string}\"},\"query-input\":{\"@type\":\"PropertyValueSpecification\",\"valueRequired\":true,\"valueName\":\"search_term_string\"}}],\"inLanguage\":\"eu\"},{\"@type\":\"Organization\",\"@id\":\"https:\\\/\\\/euskoasesores.net\\\/#organization\",\"name\":\"Euskoasesores\",\"url\":\"https:\\\/\\\/euskoasesores.net\\\/\",\"logo\":{\"@type\":\"ImageObject\",\"inLanguage\":\"eu\",\"@id\":\"https:\\\/\\\/euskoasesores.net\\\/#\\\/schema\\\/logo\\\/image\\\/\",\"url\":\"https:\\\/\\\/euskoasesores.net\\\/wp-content\\\/uploads\\\/2023\\\/04\\\/cropped-fondo-blanco.png\",\"contentUrl\":\"https:\\\/\\\/euskoasesores.net\\\/wp-content\\\/uploads\\\/2023\\\/04\\\/cropped-fondo-blanco.png\",\"width\":400,\"height\":300,\"caption\":\"Euskoasesores\"},\"image\":{\"@id\":\"https:\\\/\\\/euskoasesores.net\\\/#\\\/schema\\\/logo\\\/image\\\/\"}}]}<\/script>\n<!-- \/ Yoast SEO plugin. -->","yoast_head_json":{"title":"Administraci\u00f3n de fincas - Euskoasesores","robots":{"index":"index","follow":"follow","max-snippet":"max-snippet:-1","max-image-preview":"max-image-preview:large","max-video-preview":"max-video-preview:-1"},"canonical":"https:\/\/euskoasesores.net\/eu\/administracion-de-fincas\/","og_locale":"en_US","og_type":"article","og_title":"Administraci\u00f3n de fincas - Euskoasesores","og_description":"\u00bfC\u00d3MO PODEMOS AYUDARTE? Nuestros administradores de fincas colegiados tienen amplia experiencia gestionando decenas de comunidades de propietarios tanto de viviendas como de garajes, as\u00ed como mancomunidades.\u00a0Ofrecemos un servicio complet\u00edsimo que incluye: Convocatoria a Juntas ordinarias y extraordinarias a petici\u00f3n del Presidente, asistencia y asesoramiento. Funciones de Secretario en las Juntas, elaboraci\u00f3n de las actas de [&hellip;]","og_url":"https:\/\/euskoasesores.net\/eu\/administracion-de-fincas\/","og_site_name":"Euskoasesores","article_modified_time":"2023-08-30T19:21:19+00:00","og_image":[{"url":"https:\/\/euskoasesores.net\/wp-content\/uploads\/2023\/04\/1-3.png","type":"","width":"","height":""}],"twitter_card":"summary_large_image","twitter_misc":{"Est. reading time":"2 minutua"},"schema":{"@context":"https:\/\/schema.org","@graph":[{"@type":"WebPage","@id":"https:\/\/euskoasesores.net\/administracion-de-fincas\/","url":"https:\/\/euskoasesores.net\/administracion-de-fincas\/","name":"Administraci\u00f3n de fincas - Euskoasesores","isPartOf":{"@id":"https:\/\/euskoasesores.net\/#website"},"primaryImageOfPage":{"@id":"https:\/\/euskoasesores.net\/administracion-de-fincas\/#primaryimage"},"image":{"@id":"https:\/\/euskoasesores.net\/administracion-de-fincas\/#primaryimage"},"thumbnailUrl":"https:\/\/euskoasesores.net\/wp-content\/uploads\/2023\/04\/1-3.png","datePublished":"2023-04-10T09:04:06+00:00","dateModified":"2023-08-30T19:21:19+00:00","breadcrumb":{"@id":"https:\/\/euskoasesores.net\/administracion-de-fincas\/#breadcrumb"},"inLanguage":"eu","potentialAction":[{"@type":"ReadAction","target":["https:\/\/euskoasesores.net\/administracion-de-fincas\/"]}]},{"@type":"ImageObject","inLanguage":"eu","@id":"https:\/\/euskoasesores.net\/administracion-de-fincas\/#primaryimage","url":"https:\/\/euskoasesores.net\/wp-content\/uploads\/2023\/04\/1-3.png","contentUrl":"https:\/\/euskoasesores.net\/wp-content\/uploads\/2023\/04\/1-3.png"},{"@type":"BreadcrumbList","@id":"https:\/\/euskoasesores.net\/administracion-de-fincas\/#breadcrumb","itemListElement":[{"@type":"ListItem","position":1,"name":"Portada","item":"https:\/\/euskoasesores.net\/"},{"@type":"ListItem","position":2,"name":"Administraci\u00f3n de fincas"}]},{"@type":"WebSite","@id":"https:\/\/euskoasesores.net\/#website","url":"https:\/\/euskoasesores.net\/","name":"Euskoasesores","description":"La forma m\u00e1s inteligente de contratar un seguro Gesti\u00f3n eficaz en asesor\u00eda fiscal, contable, laboral y mercantil","publisher":{"@id":"https:\/\/euskoasesores.net\/#organization"},"potentialAction":[{"@type":"SearchAction","target":{"@type":"EntryPoint","urlTemplate":"https:\/\/euskoasesores.net\/?s={search_term_string}"},"query-input":{"@type":"PropertyValueSpecification","valueRequired":true,"valueName":"search_term_string"}}],"inLanguage":"eu"},{"@type":"Organization","@id":"https:\/\/euskoasesores.net\/#organization","name":"Euskoasesores","url":"https:\/\/euskoasesores.net\/","logo":{"@type":"ImageObject","inLanguage":"eu","@id":"https:\/\/euskoasesores.net\/#\/schema\/logo\/image\/","url":"https:\/\/euskoasesores.net\/wp-content\/uploads\/2023\/04\/cropped-fondo-blanco.png","contentUrl":"https:\/\/euskoasesores.net\/wp-content\/uploads\/2023\/04\/cropped-fondo-blanco.png","width":400,"height":300,"caption":"Euskoasesores"},"image":{"@id":"https:\/\/euskoasesores.net\/#\/schema\/logo\/image\/"}}]}},"jetpack_sharing_enabled":true,"_links":{"self":[{"href":"https:\/\/euskoasesores.net\/eu\/wp-json\/wp\/v2\/pages\/14","targetHints":{"allow":["GET"]}}],"collection":[{"href":"https:\/\/euskoasesores.net\/eu\/wp-json\/wp\/v2\/pages"}],"about":[{"href":"https:\/\/euskoasesores.net\/eu\/wp-json\/wp\/v2\/types\/page"}],"author":[{"embeddable":true,"href":"https:\/\/euskoasesores.net\/eu\/wp-json\/wp\/v2\/users\/1"}],"replies":[{"embeddable":true,"href":"https:\/\/euskoasesores.net\/eu\/wp-json\/wp\/v2\/comments?post=14"}],"version-history":[{"count":52,"href":"https:\/\/euskoasesores.net\/eu\/wp-json\/wp\/v2\/pages\/14\/revisions"}],"predecessor-version":[{"id":1365,"href":"https:\/\/euskoasesores.net\/eu\/wp-json\/wp\/v2\/pages\/14\/revisions\/1365"}],"wp:attachment":[{"href":"https:\/\/euskoasesores.net\/eu\/wp-json\/wp\/v2\/media?parent=14"}],"curies":[{"name":"wp","href":"https:\/\/api.w.org\/{rel}","templated":true}]}}